{"id":1193,"date":"2010-01-29T17:20:07","date_gmt":"2010-01-29T15:20:07","guid":{"rendered":"http:\/\/www.fffr.de\/?page_id=1193"},"modified":"2011-03-30T20:35:46","modified_gmt":"2011-03-30T18:35:46","slug":"kenia-projekte","status":"publish","type":"page","link":"https:\/\/www.fffr.de\/?page_id=1193","title":{"rendered":"Kenia-Projekte"},"content":{"rendered":"<p><span style=\"font-family: arial,helvetica,sans-serif;\"><span style=\"font-size: small;\">Das Freiburger Friedensforum f\u00f6rdert <strong>zwei Projekte f\u00fcr HIV\/AIDS Waisen in Kenia<\/strong>, die von Einheimischen in Freiburg betreut werden. <\/span><\/span><\/p>\n<p><span style=\"font-family: arial,helvetica,sans-serif;\"><span style=\"font-size: small;\"><br \/>\n <\/span><\/span><\/p>\n<p><span style=\"font-family: arial,helvetica,sans-serif;\"><span style=\"font-size: small;\">Das erste Projekt <strong>&#8222;Touch of Mercy&#8220;<\/strong> (<a href=\"http:\/\/www.touch-of-mercy.de\" target=\"_blank\">www.touch-of-mercy.de<\/a>) befasst sich mit der Versorgung einer Gruppe von alleinstehenden Frauen und Kinder in <strong>Kisumu.<\/strong><\/span><\/span><\/p>\n<p><span style=\"font-family: arial,helvetica,sans-serif;\"><span style=\"font-size: small;\">Die zum Teil mit AIDS infizierte Menschen wurden von einer Kirchengemeinde beherbergt, bis die Kirche nicht mehr dazu in der Lage war.<\/span><\/span><\/p>\n<p><span style=\"font-family: arial,helvetica,sans-serif;\"><span style=\"font-size: small;\">Die Kranken werden mit Medikamenten von der Regierung versorgt, alles andere (Kleider, Nahrung, Bildung) m\u00fcssen sie selbst bestreiten.<\/span><\/span><\/p>\n<p><span style=\"font-family: arial,helvetica,sans-serif;\"><span style=\"font-size: small;\">Eine Kurzdarstellung finden Sie <a href=\"https:\/\/www.fffr.de\/stuff\/Kenia\/T-o-M-Plakat.PDF\" target=\"_blank\">hier.<\/a><br \/>\n <\/span><\/span><\/p>\n<p><span style=\"font-family: arial,helvetica,sans-serif;\"><span style=\"font-size: small;\">Eine Projektvorstellung finden Sie hier (das hier vorgestellte Budget deckt alle Bed\u00fcrfnisse; ein Seed-Funding Budget ist in Bearbeitung).<br \/>\n<\/span><\/span><\/p>\n<p><span style=\"font-family: arial,helvetica,sans-serif;\"><span style=\"font-size: small;\">(The Project Description found here covers all needs; a Seed-Funding Budget will be online soon):<\/span><\/span><\/p>\n<p><span style=\"font-family: arial,helvetica,sans-serif;\"><span style=\"font-size: small;\"> \u00b0\u00a0 <a href=\"https:\/\/www.fffr.de\/stuff\/Kenia\/touch_of_mercy.pdf\" target=\"_blank\"><span style=\"text-decoration: underline;\">englisch<\/span><\/a><\/span><\/span><\/p>\n<p><span style=\"font-family: arial,helvetica,sans-serif;\"><span style=\"font-size: small;\"> \u00b0\u00a0 <a href=\"https:\/\/www.fffr.de\/stuff\/Kenia\/touch_of_mercy_de.pdf\" target=\"_blank\"><span style=\"text-decoration: underline;\">deutsch<\/span><\/a><\/span><\/span><\/p>\n<hr \/>\n<p><span style=\"font-family: arial,helvetica,sans-serif;\"><span style=\"font-size: small;\">Das zweite Projekt, die beim provinziellen Direktor f\u00fcr Soziales registrierte <strong>St. Lazarus Selbst-Hilfe Gruppe <\/strong>(<a href=\"http:\/\/www.saint-lazarus.de\" target=\"_blank\">www.saint-lazarus.de<\/a>)<strong>, <\/strong>ist ein Schulprojekt f\u00fcr HIV\/AIDS Waisen in <strong>Nairobi,<\/strong><\/span><span style=\"font-size: small;\"> das erweitert werden soll.\u00a0 Die Schule soll vergr\u00f6\u00dfert werden, mehr Land f\u00fcr Selbstversorgung soll beschafft werden, die Kinder sollen besser versorgt\u00a0 werden.<\/span><\/span><\/p>\n<p><span style=\"font-family: arial,helvetica,sans-serif;\"><span style=\"font-size: small;\">Eine Kurzdarstellung finden Sie <a href=\"https:\/\/www.fffr.de\/stuff\/Kenia\/St-Laz-Plakat.PDF\" target=\"_blank\">hier.<\/a><br \/>\n <\/span><\/span><\/p>\n<p><span style=\"font-family: arial,helvetica,sans-serif;\"><span style=\"font-size: small;\">Eine Projektvorstellung finden Sie hier: <\/span><\/span><\/p>\n<ul>\n<li><span style=\"font-family: arial,helvetica,sans-serif;\"><span style=\"font-size: small;\"><a href=\"https:\/\/www.fffr.de\/stuff\/Kenia\/st_lazarus_proj.pdf\" target=\"_blank\">english<\/a><\/span><\/span><\/li>\n<li><span style=\"font-family: arial,helvetica,sans-serif;\"><span style=\"font-size: small;\"><a href=\"https:\/\/www.fffr.de\/stuff\/Kenia\/st_lazarus_deutsch.pdf\" target=\"_blank\">deutsch<\/a><br \/>\n <\/span><\/span><\/li>\n<\/ul>\n<p><span style=\"font-family: arial,helvetica,sans-serif;\">Momentan versuchen wir 500\u20ac zu sammeln, um die Geh\u00e4lter der Lehrer, der Lehrerinnen und der Hilfskr\u00e4fte f\u00fcr ein Monat zu finanzieren.\u00a0 Spenden sind \u00fcber das Friedensforum, das Konto vorort (siehe Projektvorstellung) oder Betterplace.org m\u00f6glich.<\/span><\/p>\n<p><span style=\"font-family: arial,helvetica,sans-serif;\"><span style=\"font-size: small;\">Wir suchen geeignete Personen\/Organisationen, die mit den Betreuern in Freiburg zusammen arbeiten k\u00f6nnen um die Projekte zu f\u00f6rdern.<\/span><\/span><\/p>\n<p><span style=\"font-family: arial,helvetica,sans-serif;\"><span style=\"font-size: small;\"> <\/span><\/span><\/p>\n","protected":false},"excerpt":{"rendered":"<p>Das Freiburger Friedensforum f\u00f6rdert zwei Projekte f\u00fcr HIV\/AIDS Waisen in Kenia, die von Einheimischen in Freiburg betreut werden. Das erste Projekt &#8222;Touch of Mercy&#8220; (www.touch-of-mercy.de) befasst sich mit der Versorgung einer Gruppe von alleinstehenden Frauen und Kinder in Kisumu. Die zum Teil mit AIDS infizierte Menschen wurden von einer Kirchengemeinde beherbergt, bis die Kirche nicht [&hellip;]<\/p>\n","protected":false},"author":12,"featured_media":0,"parent":234,"menu_order":1,"comment_status":"closed","ping_status":"closed","template":"","meta":{"footnotes":""},"class_list":["post-1193","page","type-page","status-publish","hentry","entry"],"_links":{"self":[{"href":"https:\/\/www.fffr.de\/index.php?rest_route=\/wp\/v2\/pages\/1193","targetHints":{"allow":["GET"]}}],"collection":[{"href":"https:\/\/www.fffr.de\/index.php?rest_route=\/wp\/v2\/pages"}],"about":[{"href":"https:\/\/www.fffr.de\/index.php?rest_route=\/wp\/v2\/types\/page"}],"author":[{"embeddable":true,"href":"https:\/\/www.fffr.de\/index.php?rest_route=\/wp\/v2\/users\/12"}],"replies":[{"embeddable":true,"href":"https:\/\/www.fffr.de\/index.php?rest_route=%2Fwp%2Fv2%2Fcomments&post=1193"}],"version-history":[{"count":20,"href":"https:\/\/www.fffr.de\/index.php?rest_route=\/wp\/v2\/pages\/1193\/revisions"}],"predecessor-version":[{"id":1226,"href":"https:\/\/www.fffr.de\/index.php?rest_route=\/wp\/v2\/pages\/1193\/revisions\/1226"}],"up":[{"embeddable":true,"href":"https:\/\/www.fffr.de\/index.php?rest_route=\/wp\/v2\/pages\/234"}],"wp:attachment":[{"href":"https:\/\/www.fffr.de\/index.php?rest_route=%2Fwp%2Fv2%2Fmedia&parent=1193"}],"curies":[{"name":"wp","href":"https:\/\/api.w.org\/{rel}","templated":true}]}}