{"id":212,"date":"2008-07-05T11:51:53","date_gmt":"2008-07-05T09:51:53","guid":{"rendered":"http:\/\/www.rib-ev.de\/blog\/?page_id=212"},"modified":"2025-12-09T17:38:07","modified_gmt":"2025-12-09T15:38:07","slug":"friedensforum","status":"publish","type":"page","link":"https:\/\/www.fffr.de\/?page_id=212","title":{"rendered":"Impressum und Spendenkonto"},"content":{"rendered":"<p><strong>Das Freiburger Friedensforum trifft sich w\u00f6chentlich Donnerstags um 18 h <\/strong>im Technischen Rathaus im St\u00fchlinger<\/p>\n<p><strong>Adresse:<\/strong><br \/>\nSt\u00fchlingerstr. 7<br \/>\n79106 Freiburg<\/p>\n<p><strong>Postanschrift:<\/strong><br \/>\nPostfach 5261<br \/>\n79019 Freiburg<\/p>\n<p><strong>Fax:<\/strong> 0761-76 78 090<br \/>\n<strong>E-Mail:<\/strong> fff|\u00e4t|fffr.de<\/p>\n<p><strong>Internet-Seite:<\/strong><br \/>\nR\u00fcckmeldungen zur Webseite: <a href=\"mailto:webmaster@fffr.de\">webmaster|\u00e4t|fffr.de<\/a><\/p>\n<p>Verantwortliche:<\/p>\n<p>Virginia Edwards-Menz, Max Heinke und Uta Pfefferle<\/p>\n<p><a href=\"https:\/\/www.fffr.de\/?page_id=491\"><br \/>\nHaftungsausschluss<\/a><\/p>\n<p><a href=\"https:\/\/www.fffr.de\/?page_id=2572\">Datenschutzerkl\u00e4rung<\/a><\/p>\n<p><strong>Bankverbindung:<\/strong><\/p>\n<p>Freiburger Friedensforum<br \/>\nVolksbank Freiburg<br \/>\nBIC\u00a0\u00a0\u00a0\u00a0 GENODE61FR1<br \/>\nIBAN\u00a0\u00a0 DE18680900000017068407<\/p>\n<p>Wir k\u00f6nnen keine <strong>Spendenbescheinigungen<\/strong> ausstellen.<\/p>\n","protected":false},"excerpt":{"rendered":"<p>Das Freiburger Friedensforum trifft sich w\u00f6chentlich Donnerstags um 18 h im Technischen Rathaus im St\u00fchlinger Adresse: St\u00fchlingerstr. 7 79106 Freiburg Postanschrift: Postfach 5261 79019 Freiburg Fax: 0761-76 78 090 E-Mail: fff|\u00e4t|fffr.de Internet-Seite: R\u00fcckmeldungen zur Webseite: webmaster|\u00e4t|fffr.de Verantwortliche: Virginia Edwards-Menz, Max Heinke und Uta Pfefferle Haftungsausschluss Datenschutzerkl\u00e4rung Bankverbindung: Freiburger Friedensforum Volksbank Freiburg BIC\u00a0\u00a0\u00a0\u00a0 GENODE61FR1 IBAN\u00a0\u00a0 DE18680900000017068407 [&hellip;]<\/p>\n","protected":false},"author":12,"featured_media":0,"parent":280,"menu_order":1,"comment_status":"closed","ping_status":"closed","template":"","meta":{"footnotes":""},"class_list":["post-212","page","type-page","status-publish","hentry","entry"],"_links":{"self":[{"href":"https:\/\/www.fffr.de\/index.php?rest_route=\/wp\/v2\/pages\/212","targetHints":{"allow":["GET"]}}],"collection":[{"href":"https:\/\/www.fffr.de\/index.php?rest_route=\/wp\/v2\/pages"}],"about":[{"href":"https:\/\/www.fffr.de\/index.php?rest_route=\/wp\/v2\/types\/page"}],"author":[{"embeddable":true,"href":"https:\/\/www.fffr.de\/index.php?rest_route=\/wp\/v2\/users\/12"}],"replies":[{"embeddable":true,"href":"https:\/\/www.fffr.de\/index.php?rest_route=%2Fwp%2Fv2%2Fcomments&post=212"}],"version-history":[{"count":23,"href":"https:\/\/www.fffr.de\/index.php?rest_route=\/wp\/v2\/pages\/212\/revisions"}],"predecessor-version":[{"id":3341,"href":"https:\/\/www.fffr.de\/index.php?rest_route=\/wp\/v2\/pages\/212\/revisions\/3341"}],"up":[{"embeddable":true,"href":"https:\/\/www.fffr.de\/index.php?rest_route=\/wp\/v2\/pages\/280"}],"wp:attachment":[{"href":"https:\/\/www.fffr.de\/index.php?rest_route=%2Fwp%2Fv2%2Fmedia&parent=212"}],"curies":[{"name":"wp","href":"https:\/\/api.w.org\/{rel}","templated":true}]}}