{"id":233,"date":"2008-08-15T16:45:18","date_gmt":"2008-08-15T14:45:18","guid":{"rendered":"http:\/\/www.rib-ev.de\/?page_id=233"},"modified":"2018-10-24T17:27:35","modified_gmt":"2018-10-24T15:27:35","slug":"plattform","status":"publish","type":"page","link":"https:\/\/www.fffr.de\/?page_id=233","title":{"rendered":"Plattform"},"content":{"rendered":"<p>Das Freiburger Friedensforum (FFF), gegr\u00fcndet 1995, ist ein Zusammenschluss von friedenspolitisch orientierten\u00a0 Friedens-,\u00a0 Dritte-Welt-,\u00a0 Asylgruppen und Einzelpersonen. Es ist offen f\u00fcr alle interessierten Menschen. Das FFF versteht sich als parteiunabh\u00e4ngig.<\/p>\n<p><strong>Das FFF bekennt sich grunds\u00e4tzlich zum Prinzip der Gewaltfreiheit und ziviler Konfliktl\u00f6sungen.<\/strong> Es will besonders auf den Zusammenhang von Aufr\u00fcstung, Krieg und Sozialabbau, auf die Problematik sozialer Ungerechtigkeit und Gewaltanwendung sowie auf die demokratische Mitverantwortung der B\u00fcrgerinnen und B\u00fcrger hinweisen. Das FFF tritt ein f\u00fcr:<\/p>\n<p>&#8211; Eine Welt ohne Atom- und Massenvernichtungswaffen<\/p>\n<p>&#8211; Ausstieg aus der Atomtechnologie<\/p>\n<p><strong>&#8211;<\/strong> Abr\u00fcstung und Stopp von R\u00fcstungsexporten<\/p>\n<p>&#8211; Aufl\u00f6sung der Nato und anderer Kriegsb\u00fcndnisse<\/p>\n<p>&#8211; Verbot\u00a0 von\u00a0 milit\u00e4rischen Drohneneins\u00e4tzen<\/p>\n<p>&#8211; Gewaltfreie Konfliktl\u00f6sungen<\/p>\n<p>&#8211; Entmilitarisierung der Gesellschaft, keine Werbung f\u00fcr die<\/p>\n<p>Bundeswehr in Bildungseinrichtungen Messen, Arbeits-<\/p>\n<p>agenturen und anderen \u00f6ffentlichen Einrichtungen<\/p>\n<p>&#8211; Friedensp\u00e4dagogik in Bildungseinrichtungen<\/p>\n<p>&#8211; Kommunale Friedenspolitik<\/p>\n<p>&#8211; Einhaltung und Bewahrung des Grundgesetzes<\/p>\n<p>&nbsp;<\/p>\n<p>Weltweit f\u00fchrt eine ungerechte Weltwirtschaftsordnung zu Ausbeutung, Hunger und Not von \u00fcber 1 Milliarde\u00a0 Menschen. St\u00e4ndige Kriege und B\u00fcrgerkriege sind eine der schrecklichen Folgen dieses auf Ausbeutung und Gewalt beruhenden Systems. Deutsche Waffen und deutsches Geld sind an Kriegen in aller Welt beteiligt. Galt fr\u00fcher noch das Prinzip der Landesverteidigung, finden nach der neuen Milit\u00e4rdoktrin seit den 90er Jahren weltweite Kampfeins\u00e4tze der Bundeswehr statt, die als Friedensmissionen verkauft werden.<\/p>\n<p>&nbsp;<\/p>\n<p>Seit den 50er Jahren hat sich die Friedensbewegung in Deutschland mit gewaltfreien Mitteln gegen diese Entwicklung gewehrt. Heute sieht das FFF seine Aufgabe darin, auf Fehlentwicklungen in Gesellschaft, Politik und Wirtschaft hinzuweisen, die zu Missst\u00e4nden, Krisen und Kriegen f\u00fchren. Wir wollen Chancen aufzeigen f\u00fcr friedliche Entwicklungen und diese unterst\u00fctzen. Dazu f\u00fchrt das FFF intern und \u00f6ffentlich Dialoge. Wo Krieg und Terror ihre Wurzeln in Unterdr\u00fcckung, sozialer Ungerechtigkeit wirtschaftlicher Not und\u00a0 Profitstreben haben, gilt es, diese Ursachen zu beseitigen. Milit\u00e4risches Gro\u00dfmachtstreben europ\u00e4ischer Regierungen, f\u00fchrt zu weltweitem R\u00fcstungswettlauf und nicht zur Friedenssicherung.<\/p>\n<p>&nbsp;<\/p>\n<p>Eine Politik, die dazu beitr\u00e4gt, Ausbeutung von Mensch und Natur weltweit zu stoppen, ist \u00fcberlebensnotwendig. Das Freiburger Friedensforum ruft alle Menschen dazu auf, ihren Beitrag f\u00fcr die Unterst\u00fctzung einer solchen Politik zu leisten. Friedlich denken ist wichtig, \u00e4ndert allein aber noch nichts.<\/p>\n<p>&nbsp;<\/p>\n<p><strong>Das Freiburger Friedensforum trifft sich jeden Donnerstag um 18.00 h<\/strong>\u00a0 beteiligt sich j\u00e4hrlich an Osterm\u00e4rschen, richtet am Antikriegstag, 1. Sept., mit dem DGB die Gedenkfeier am Mahnmal f\u00fcr die Opfer des Faschismus aus, organisiert im November die Freiburger Friedenswochen und Veranstaltungen zu Friedensthemen unterm Jahr. Mit Aktionen vor Ort und der n\u00e4heren Region wenden wir uns gegen R\u00fcstungsbetriebe und R\u00fcstungsforschung, gegen milit\u00e4rische Aufm\u00e4rsche und Veranstaltungen.<\/p>\n<p>&nbsp;<\/p>\n<p>&nbsp;<\/p>\n<p>&nbsp;<\/p>\n<p align=\"JUSTIFY\">\n<p>&nbsp;<\/p>\n","protected":false},"excerpt":{"rendered":"<p>Das Freiburger Friedensforum (FFF), gegr\u00fcndet 1995, ist ein Zusammenschluss von friedenspolitisch orientierten\u00a0 Friedens-,\u00a0 Dritte-Welt-,\u00a0 Asylgruppen und Einzelpersonen. Es ist offen f\u00fcr alle interessierten Menschen. Das FFF versteht sich als parteiunabh\u00e4ngig. Das FFF bekennt sich grunds\u00e4tzlich zum Prinzip der Gewaltfreiheit und ziviler Konfliktl\u00f6sungen. Es will besonders auf den Zusammenhang von Aufr\u00fcstung, Krieg und Sozialabbau, auf die [&hellip;]<\/p>\n","protected":false},"author":12,"featured_media":0,"parent":1028,"menu_order":1,"comment_status":"closed","ping_status":"closed","template":"","meta":{"footnotes":""},"class_list":["post-233","page","type-page","status-publish","hentry","entry"],"_links":{"self":[{"href":"https:\/\/www.fffr.de\/index.php?rest_route=\/wp\/v2\/pages\/233","targetHints":{"allow":["GET"]}}],"collection":[{"href":"https:\/\/www.fffr.de\/index.php?rest_route=\/wp\/v2\/pages"}],"about":[{"href":"https:\/\/www.fffr.de\/index.php?rest_route=\/wp\/v2\/types\/page"}],"author":[{"embeddable":true,"href":"https:\/\/www.fffr.de\/index.php?rest_route=\/wp\/v2\/users\/12"}],"replies":[{"embeddable":true,"href":"https:\/\/www.fffr.de\/index.php?rest_route=%2Fwp%2Fv2%2Fcomments&post=233"}],"version-history":[{"count":9,"href":"https:\/\/www.fffr.de\/index.php?rest_route=\/wp\/v2\/pages\/233\/revisions"}],"predecessor-version":[{"id":2611,"href":"https:\/\/www.fffr.de\/index.php?rest_route=\/wp\/v2\/pages\/233\/revisions\/2611"}],"up":[{"embeddable":true,"href":"https:\/\/www.fffr.de\/index.php?rest_route=\/wp\/v2\/pages\/1028"}],"wp:attachment":[{"href":"https:\/\/www.fffr.de\/index.php?rest_route=%2Fwp%2Fv2%2Fmedia&parent=233"}],"curies":[{"name":"wp","href":"https:\/\/api.w.org\/{rel}","templated":true}]}}