{"id":234,"date":"2008-08-15T17:14:01","date_gmt":"2008-08-15T15:14:01","guid":{"rendered":"http:\/\/www.rib-ev.de\/?page_id=234"},"modified":"2009-04-12T16:38:47","modified_gmt":"2009-04-12T14:38:47","slug":"dokumente","status":"publish","type":"page","link":"https:\/\/www.fffr.de\/?page_id=234","title":{"rendered":"Dokumente"},"content":{"rendered":"<h3>Dokumente der Frauen-Fraktion finden Sie <strong><a href=\"https:\/\/www.fffr.de\/?page_id=245\">hier<\/a><\/strong>.<\/h3>\n<h3>Diese Erkl\u00e4rungen und Flugbl\u00e4tter des Friedensforums k\u00f6nnen Sie herunterladen:<\/h3>\n<p><a href=\"https:\/\/www.fffr.de\/fff-docs\/ARGE-BW-FALTBLAT3.pdf\" target=\"_blank\">Flugblatt gegen die Werbeveranstaltungen der Bundeswehr beim Arbeitsamt<\/a><\/p>\n<p><a href=\"https:\/\/www.fffr.de\/fff-docs\/Flugi_Wofuer%20gibt%20es%20Geld-1.doc\" target=\"_blank\">Zu den Kosten des Afghanistan-Krieges<\/a><\/p>\n<p><a href=\"https:\/\/www.fffr.de\/fff-docs\/FriFoNATO60.doc\" target=\"_blank\">Das Freiburger Friedenforum fordert den Ausstieg aus dem Milit\u00e4rb\u00fcndnis<\/a><\/p>\n<p><a href=\"https:\/\/www.fffr.de\/fff-docs\/Kommunale%20Friedenspolitik.rtf\" target=\"_blank\">Freiburger Friedensforum zu den Aufgaben kommunaler Friedensarbeit<\/a><\/p>\n<p><a href=\"https:\/\/www.fffr.de\/fff-docs\/steinmeier%206-6-08.doc\" target=\"_blank\">Flugblatt: Sozialdemokratische Au\u00dfenpolitik im 21. Jahrhundert<\/a><\/p>\n<p><a href=\"https:\/\/www.fffr.de\/fff-docs\/Erkl_Friedensf-FR_Georgien_Aug_2008.doc\" target=\"_blank\">Erkl\u00e4rung des Freiburger Friedensforums zum neuen Krieg im Kaukasus<\/a><\/p>\n<p><a href=\"https:\/\/www.fffr.de\/fff-docs\/Polizei\/Info_Rass_Polizeigewalt_FR.pdf\" target=\"_blank\">Informationsbrosch\u00fcre \u00fcber Rassismus und Polizeigewalt <br \/>\n <\/a>(von Friedensforum und SAGA) (PDF, 1,6 MB)<\/p>\n<p><br class=\"spacer_\" \/><\/p>\n<p><br class=\"spacer_\" \/><\/p>\n","protected":false},"excerpt":{"rendered":"<p>Dokumente der Frauen-Fraktion finden Sie hier. Diese Erkl\u00e4rungen und Flugbl\u00e4tter des Friedensforums k\u00f6nnen Sie herunterladen: Flugblatt gegen die Werbeveranstaltungen der Bundeswehr beim Arbeitsamt Zu den Kosten des Afghanistan-Krieges Das Freiburger Friedenforum fordert den Ausstieg aus dem Milit\u00e4rb\u00fcndnis Freiburger Friedensforum zu den Aufgaben kommunaler Friedensarbeit Flugblatt: Sozialdemokratische Au\u00dfenpolitik im 21. Jahrhundert Erkl\u00e4rung des Freiburger Friedensforums zum [&hellip;]<\/p>\n","protected":false},"author":12,"featured_media":0,"parent":0,"menu_order":7,"comment_status":"closed","ping_status":"closed","template":"","meta":{"footnotes":""},"class_list":["post-234","page","type-page","status-publish","hentry","entry"],"_links":{"self":[{"href":"https:\/\/www.fffr.de\/index.php?rest_route=\/wp\/v2\/pages\/234","targetHints":{"allow":["GET"]}}],"collection":[{"href":"https:\/\/www.fffr.de\/index.php?rest_route=\/wp\/v2\/pages"}],"about":[{"href":"https:\/\/www.fffr.de\/index.php?rest_route=\/wp\/v2\/types\/page"}],"author":[{"embeddable":true,"href":"https:\/\/www.fffr.de\/index.php?rest_route=\/wp\/v2\/users\/12"}],"replies":[{"embeddable":true,"href":"https:\/\/www.fffr.de\/index.php?rest_route=%2Fwp%2Fv2%2Fcomments&post=234"}],"version-history":[{"count":8,"href":"https:\/\/www.fffr.de\/index.php?rest_route=\/wp\/v2\/pages\/234\/revisions"}],"predecessor-version":[{"id":873,"href":"https:\/\/www.fffr.de\/index.php?rest_route=\/wp\/v2\/pages\/234\/revisions\/873"}],"wp:attachment":[{"href":"https:\/\/www.fffr.de\/index.php?rest_route=%2Fwp%2Fv2%2Fmedia&parent=234"}],"curies":[{"name":"wp","href":"https:\/\/api.w.org\/{rel}","templated":true}]}}