{"id":640,"date":"2009-02-27T18:04:32","date_gmt":"2009-02-27T16:04:32","guid":{"rendered":"http:\/\/www.fffr.de\/?page_id=640"},"modified":"2009-03-12T19:09:01","modified_gmt":"2009-03-12T17:09:01","slug":"winter-soldier-infoseite","status":"publish","type":"page","link":"https:\/\/www.fffr.de\/?page_id=640","title":{"rendered":"Winter Soldier &#8211; Infoseite deutsch"},"content":{"rendered":"<p><a href=\"http:\/\/www.connection-ev.de\/z.php?ID=604\" target=\"_blank\">Lebensl\u00e4ufe der Zeugen<\/a> &#8212; <a href=\"https:\/\/www.fffr.de\/wintersoldier\/Print_and_Graphics\/Biograhies\/WintSoldEu_Zeugen-Bios_de.doc\" target=\"_blank\">.doc<\/a> &#8212; <a href=\"https:\/\/www.fffr.de\/wintersoldier\/Print_and_Graphics\/Biograhies\/WintSoldEu_Zeugen-Bios_de.pdf\" target=\"_blank\">PDF<\/a><\/p>\n<p><a href=\"http:\/\/www.connection-ev.de\/z.php?ID=634\" target=\"_blank\">Programm-Ablauf<\/a> &#8212;\u00a0 <a href=\"https:\/\/www.fffr.de\/wintersoldier\/Print_and_Graphics\/Schedule_Programm\/WintSoldEu_Ablauf_de.doc\" target=\"_blank\">.doc<\/a> &#8212; <a href=\"https:\/\/www.fffr.de\/wintersoldier\/Print_and_Graphics\/Schedule_Programm\/WintSoldEu_Ablauf_de.pdf\" target=\"_blank\">PDF<\/a><\/p>\n<p>Flugblatt (s.u.) &#8212; <a href=\"https:\/\/www.fffr.de\/wintersoldier\/de\/Flyer-Text.doc\">.doc<\/a> &#8212; <a href=\"https:\/\/www.fffr.de\/wintersoldier\/de\/Flyer-Text.pdf\" target=\"_blank\">PDF<\/a><\/p>\n<p><a href=\"http:\/\/www.connection-ev.de\/z.php?ID=535\" target=\"_blank\">Pressemitteilung vom 12. Februar 2009<\/a><\/p>\n<p><a href=\"https:\/\/www.fffr.de\/?p=731\" target=\"_blank\">Pressemitteilung vom 10. M\u00e4rz 2009<\/a><\/p>\n<hr \/>\n<p>Flugblatttext:<\/p>\n<h2>Winter Soldier<\/h2>\n<p><span style=\"font-size: medium;\">im Vorfeld des NATO Gipfels:<\/span><\/p>\n<h3>Veteranen und Soldaten aus NATO-L\u00e4ndern gegen den Krieg<\/h3>\n<h3>Hearing in Freiburg am Samstag, 14.3.2009, Caf\u00e9 Velo<\/h3>\n<p>Anfang April werden sich die politischen F\u00fchrerInnen der NATO-L\u00e4nder in Stra\u00dfburg treffen, um den aktuellen Zustand ihrer Streitkr\u00e4fte zu besprechen, eine verbesserte Koordination und Zusammenarbeit f\u00fcr die Zukunft zu planen, und vor allem, um die Strategie der NATO neu auszurichten, hin zu einer Politik der &#8222;vorbeugenden&#8220; Kriegf\u00fchrung.<\/p>\n<p>Nicht jeder Soldat ist mit der neuen Richtung einverstanden, in die die F\u00fchrerInnen des Westens ihre L\u00e4nder lenken. Soldaten und Veteranen aus mehreren NATO-Staaten haben leise oder ganz offen die Angriffskriege von NATO-Mitgliedern gegen den Irak und Afghanistan abgelehnt. Einige von ihnen sehen die Notwendigkeit, die Wahrheit \u00fcber die dortigen Kampfhandlungen auszusprechen und die allt\u00e4gliche Wirklichkeit dieser Besatzungen zu beschreiben.<\/p>\n<p>Am 14. M\u00e4rz 2009 werden In Freiburg Veteranen des Irak- und des Afghanistankrieges aus den US-amerikanischen, deutschen und britischen Streitkr\u00e4ften \u00fcber ihre Erlebnisse in Irak und Afghanistan berichten. Sie wollen damit der Propaganda der NATO entgegentreten, dass dies &#8222;humanit\u00e4re Kriege&#8220; seien. Sie haben das Ziel, mit ihren Berichten die Leiden der irakischen und afghanischen Bev\u00f6lkerung zu beenden und f\u00fcr eine R\u00fcckkehr der Soldaten zu sorgen.<\/p>\n<p>Das Hearing kn\u00fcpft unter dem Titel Winter Soldier an eine Anh\u00f6rung w\u00e4hrend des Vietnamkrieges und ein im letzten Jahr in Washington DC durchgef\u00fchrtes Hearing an. Sie wurden aufgrund der Authentizit\u00e4t der Berichte und Erfahrungen zu einem wichtigen Mittel der Antikriegsaktivit\u00e4ten. Nach einer Anregung von Pater Thomas Paine sind Wintersoldaten diejenigen, die die Seele ihres Landes verteidigen, auch in den dunkelsten Stunden.<\/p>\n<p><strong>Voraussichtlich werden folgende Veteranen Zeugnis ablegen:<\/strong><\/p>\n<p>US-Deserteur Andr\u00e9 Shepherd, der im November 2008 Asyl beantragt hat;<br \/>\n Martin Webster, britischer Veteran des Irakkrieges;<br \/>\n Lee Kamara, britischer Veteran des Irakkrieges;<br \/>\n Christian Neumann, Soldat der Bundeswehr, der in Afghanistan stationiert war;<br \/>\n US Navy Journalist Zack Baddorf;<br \/>\n Chris Capps, US-Irakveteran, der vor einem Einsatz in Afghanistan desertierte;<br \/>\n Eddie Falcon:\u00a0 Manas Air Base in Kirgisistan, Verlegung von Gefangenen von Bagdad<br \/>\n ins Gef\u00e4ngnis von Basra;<br \/>\n Chris Arendt, eingesetzt bei der \u00dcberwachung von Gefangenen in Guantanamo;<br \/>\n Dave Cortelyou, US-Veteran des Irakkrieges.<br \/>\n <strong><br \/>\n Wir brauchen Ihre Spenden !<\/strong><\/p>\n<p>Kontoinhaber: Freiburger Friedensforum<br \/>\n Stichwort: \u201eHearing mit Irak Veteranen\u201c<br \/>\n Kontonummer: 170 684 07 <br \/>\n Volksbank Freiburg<\/p>\n<p>IBAN: DE18 6809 0000 0017 0684 07<br \/>\n BIC:\u00a0 GENODE61FR1<\/p>\n","protected":false},"excerpt":{"rendered":"<p>Lebensl\u00e4ufe der Zeugen &#8212; .doc &#8212; PDF Programm-Ablauf &#8212;\u00a0 .doc &#8212; PDF Flugblatt (s.u.) &#8212; .doc &#8212; PDF Pressemitteilung vom 12. Februar 2009 Pressemitteilung vom 10. M\u00e4rz 2009 Flugblatttext: Winter Soldier im Vorfeld des NATO Gipfels: Veteranen und Soldaten aus NATO-L\u00e4ndern gegen den Krieg Hearing in Freiburg am Samstag, 14.3.2009, Caf\u00e9 Velo Anfang April werden [&hellip;]<\/p>\n","protected":false},"author":12,"featured_media":0,"parent":627,"menu_order":1,"comment_status":"closed","ping_status":"closed","template":"","meta":{"footnotes":""},"class_list":["post-640","page","type-page","status-publish","hentry","entry"],"_links":{"self":[{"href":"https:\/\/www.fffr.de\/index.php?rest_route=\/wp\/v2\/pages\/640","targetHints":{"allow":["GET"]}}],"collection":[{"href":"https:\/\/www.fffr.de\/index.php?rest_route=\/wp\/v2\/pages"}],"about":[{"href":"https:\/\/www.fffr.de\/index.php?rest_route=\/wp\/v2\/types\/page"}],"author":[{"embeddable":true,"href":"https:\/\/www.fffr.de\/index.php?rest_route=\/wp\/v2\/users\/12"}],"replies":[{"embeddable":true,"href":"https:\/\/www.fffr.de\/index.php?rest_route=%2Fwp%2Fv2%2Fcomments&post=640"}],"version-history":[{"count":20,"href":"https:\/\/www.fffr.de\/index.php?rest_route=\/wp\/v2\/pages\/640\/revisions"}],"predecessor-version":[{"id":667,"href":"https:\/\/www.fffr.de\/index.php?rest_route=\/wp\/v2\/pages\/640\/revisions\/667"}],"up":[{"embeddable":true,"href":"https:\/\/www.fffr.de\/index.php?rest_route=\/wp\/v2\/pages\/627"}],"wp:attachment":[{"href":"https:\/\/www.fffr.de\/index.php?rest_route=%2Fwp%2Fv2%2Fmedia&parent=640"}],"curies":[{"name":"wp","href":"https:\/\/api.w.org\/{rel}","templated":true}]}}