{"id":864,"date":"2009-04-12T16:05:15","date_gmt":"2009-04-12T14:05:15","guid":{"rendered":"http:\/\/www.fffr.de\/?page_id=864"},"modified":"2012-11-13T19:03:21","modified_gmt":"2012-11-13T17:03:21","slug":"gegen-werbeveranstaltungen-der-bundeswehr","status":"publish","type":"page","link":"https:\/\/www.fffr.de\/?page_id=864","title":{"rendered":"gegen Werbeveranstaltungen der Bundeswehr"},"content":{"rendered":"<p>Das Friedensforum protestiert zusammen mit anderen Gruppen (Runder Tisch Freiburg, DFG-VK) mit Infost\u00e4nden vor dem Arbeitsamt Freiburg gegen den Versuch, unter dem Titel <strong>&#8222;Berufe in Uniform&#8220; <\/strong>die Arbeitslosigkeit junger Menschen f\u00fcr die Milit\u00e4r-Rekrutierung zu mi\u00dfbrauchen.<\/p>\n<p><strong>Die n\u00e4chsten Termine:<\/strong><\/p>\n<ul>\n<li>Donnerstag, 22.11.12<\/li>\n<\/ul>\n<p>Beginn jeweils um 14.00 Uhr<\/p>\n<p>Die Aktion beginnt um 13.30 Uhr.<\/p>\n<p>Berufsinformationszentrum (BiZ) der Agentur f\u00fcr Arbeit Freiburg<br \/>\nLehener Stra\u00dfe 77<br \/>\n79106 Freiburg<\/p>\n<p><a href=\"https:\/\/www.fffr.de\/fff-docs\/ARGE-BW-FALTBLAT3.pdf\" target=\"_blank\">Flugblatt gegen die Werbeveranstaltungen der Bundeswehr beim Arbeitsamt<\/a><\/p>\n<p>&#8222;Runder Tisch Freiburg&#8220;: <a href=\"http:\/\/www.runder-tisch-freiburg.de\/2008\/06\/friedensforum-vor-der-arge-freiburg.html\">Bilder von vergangenen Infost\u00e4nden<\/a><\/p>\n<p><a href=\"https:\/\/www.fffr.de\/?cat=20\">Alle Blog-Eintr\u00e4ge zu Werbeveranstaltungen der Bundeswehr<\/a><\/p>\n","protected":false},"excerpt":{"rendered":"<p>Das Friedensforum protestiert zusammen mit anderen Gruppen (Runder Tisch Freiburg, DFG-VK) mit Infost\u00e4nden vor dem Arbeitsamt Freiburg gegen den Versuch, unter dem Titel &#8222;Berufe in Uniform&#8220; die Arbeitslosigkeit junger Menschen f\u00fcr die Milit\u00e4r-Rekrutierung zu mi\u00dfbrauchen. Die n\u00e4chsten Termine: Donnerstag, 22.11.12 Beginn jeweils um 14.00 Uhr Die Aktion beginnt um 13.30 Uhr. Berufsinformationszentrum (BiZ) der Agentur [&hellip;]<\/p>\n","protected":false},"author":12,"featured_media":0,"parent":631,"menu_order":2,"comment_status":"closed","ping_status":"closed","template":"","meta":{"footnotes":""},"class_list":["post-864","page","type-page","status-publish","hentry","entry"],"_links":{"self":[{"href":"https:\/\/www.fffr.de\/index.php?rest_route=\/wp\/v2\/pages\/864","targetHints":{"allow":["GET"]}}],"collection":[{"href":"https:\/\/www.fffr.de\/index.php?rest_route=\/wp\/v2\/pages"}],"about":[{"href":"https:\/\/www.fffr.de\/index.php?rest_route=\/wp\/v2\/types\/page"}],"author":[{"embeddable":true,"href":"https:\/\/www.fffr.de\/index.php?rest_route=\/wp\/v2\/users\/12"}],"replies":[{"embeddable":true,"href":"https:\/\/www.fffr.de\/index.php?rest_route=%2Fwp%2Fv2%2Fcomments&post=864"}],"version-history":[{"count":7,"href":"https:\/\/www.fffr.de\/index.php?rest_route=\/wp\/v2\/pages\/864\/revisions"}],"predecessor-version":[{"id":866,"href":"https:\/\/www.fffr.de\/index.php?rest_route=\/wp\/v2\/pages\/864\/revisions\/866"}],"up":[{"embeddable":true,"href":"https:\/\/www.fffr.de\/index.php?rest_route=\/wp\/v2\/pages\/631"}],"wp:attachment":[{"href":"https:\/\/www.fffr.de\/index.php?rest_route=%2Fwp%2Fv2%2Fmedia&parent=864"}],"curies":[{"name":"wp","href":"https:\/\/api.w.org\/{rel}","templated":true}]}}