{"id":994,"date":"2009-09-05T18:08:01","date_gmt":"2009-09-05T16:08:01","guid":{"rendered":"http:\/\/www.fffr.de\/?page_id=994"},"modified":"2018-10-24T17:05:19","modified_gmt":"2018-10-24T15:05:19","slug":"gruppen-des-friedensforums","status":"publish","type":"page","link":"https:\/\/www.fffr.de\/?page_id=994","title":{"rendered":"Kooperationspartner des Friedensforums"},"content":{"rendered":"<p><span style=\"font-size: large;\"><span style=\"font-family: arial,helvetica,sans-serif;\">Das Friedensforum kooperiert je nach Anliegen mit <\/span><\/span><span style=\"font-size: large;\"><span style=\"font-family: arial,helvetica,sans-serif;\">folgenden Gruppen, vorausgesetzt deren Ziele stimmen mit der Plattform des Friedensforums \u00fcberein:<\/span><\/span><\/p>\n<h3><a href=\"http:\/\/www.freiburg.dfg-vk.de\" target=\"_blank\" rel=\"noopener\"><span style=\"font-family: arial,helvetica,sans-serif;\">DFG-VK Freiburg<\/span><\/a><\/h3>\n<p style=\"padding-left: 30px;\"><span style=\"font-family: arial,helvetica,sans-serif;\">im Friedenszentrum, St\u00fchlingerstra\u00dfe 7, 79106 Freiburg<br \/>\n<\/span><\/p>\n<p style=\"padding-left: 30px;\"><span style=\"font-family: arial,helvetica,sans-serif;\">Postfach 5261, 79019 Freiburg<\/span><\/p>\n<p style=\"padding-left: 30px;\"><span style=\"font-family: arial,helvetica,sans-serif;\">KDV-Telefon: 0761 &#8211; 7678089<br \/>\n<\/span><\/p>\n<p style=\"padding-left: 30px;\"><a href=\"mailto:freiburg@dfg-vk.de\"><span style=\"font-family: arial,helvetica,sans-serif;\">freiburg@dfg-vk.de<\/span><\/a><\/p>\n<h3><span style=\"font-family: arial,helvetica,sans-serif;\"><span style=\"font-size: 14pt;\"> <a href=\"http:\/\/www.ippnw-freiburg.de\" target=\"_blank\" rel=\"noopener\">International Physicians to Prevent Nuclear War &#8211; IPPNW<\/a><\/span><br \/>\n<span style=\"font-size: 12pt;\">Regionalgruppe Freiburg <\/span><\/span><\/h3>\n<p style=\"padding-left: 30px;\"><span style=\"font-family: arial,helvetica,sans-serif;\"> http:\/\/www.ippnw-freiburg.de<\/span><\/p>\n<p style=\"padding-left: 30px;\"><span style=\"font-family: arial,helvetica,sans-serif;\">info@ippnw-freiburg.de<\/span><\/p>\n<h3><a href=\"http:\/\/www.netzwerk-friedenssteuer.de\/\"><span style=\"font-family: arial,helvetica,sans-serif;\"> Netzwerk Friedenssteuer<\/span><\/a><\/h3>\n<p><span style=\"font-family: arial,helvetica,sans-serif;\">\u00a0\u00a0\u00a0\u00a0\u00a0\u00a0 www.netzwerk-friedenssteuer.de<\/span><\/p>\n<p><span style=\"font-family: arial,helvetica,sans-serif;\">\u00a0\u00a0\u00a0\u00a0\u00a0\u00a0 info@friedenssteuer.de<\/span><\/p>\n<h3><a href=\"http:\/\/www.paxchristi-freiburg.de\"><span style=\"font-family: arial,helvetica,sans-serif;\"> Pax Christi Freiburg<\/span><\/a><\/h3>\n<p style=\"padding-left: 30px;\"><span style=\"font-family: arial,helvetica,sans-serif;\">www.paxchristi-freiburg.de<\/span><\/p>\n<p style=\"padding-left: 30px;\"><span style=\"font-family: arial,helvetica,sans-serif;\">paxchristi@seelsorgeamt-freiburg.de<\/span><\/p>\n<h3><a href=\"http:\/\/www.rib-ev.de\"><span style=\"font-family: arial,helvetica,sans-serif;\"> R\u00fcstungsInformationsB\u00fcro RIB e.V.<\/span><\/a><\/h3>\n<p style=\"padding-left: 30px;\"><span style=\"font-family: arial,helvetica,sans-serif;\">St\u00fchlingerstra\u00dfe 7, 79106 Freiburg<br \/>\n<\/span><\/p>\n<p style=\"padding-left: 30px;\"><span style=\"font-family: arial,helvetica,sans-serif;\">Postfach 5261, 79019 Freiburg<\/span><\/p>\n<p style=\"padding-left: 30px;\"><span style=\"font-family: arial,helvetica,sans-serif;\">Telefon: 0761 &#8211; 7678088\u00a0 &#8211;\u00a0 Fax: 7678090<br \/>\n<\/span><\/p>\n<p style=\"padding-left: 30px;\"><a href=\"mailto:rib@rib-ev.de\"><span style=\"font-family: arial,helvetica,sans-serif;\">rib@rib-ev.de<\/span><\/a><\/p>\n<h3><span style=\"font-family: arial,helvetica,sans-serif;\"> VVN\/BdA Freiburg<\/span><\/h3>\n<p style=\"padding-left: 30px;\"><span style=\"font-family: arial,helvetica,sans-serif;\">www.freiburg.vvn-bda.de<\/span><\/p>\n<h3><span style=\"font-family: arial,helvetica,sans-serif;\"> Werkstatt f\u00fcr gewaltfreie Aktion Baden<\/span><\/h3>\n<p style=\"padding-left: 30px;\"><span style=\"font-family: arial,helvetica,sans-serif;\">www.wfga.de<\/span><\/p>\n<p style=\"padding-left: 30px;\"><span style=\"font-family: arial,helvetica,sans-serif;\">buero.freiburg@wfga.de<\/span><\/p>\n<h3><\/h3>\n","protected":false},"excerpt":{"rendered":"<p>Das Friedensforum kooperiert je nach Anliegen mit folgenden Gruppen, vorausgesetzt deren Ziele stimmen mit der Plattform des Friedensforums \u00fcberein: DFG-VK Freiburg im Friedenszentrum, St\u00fchlingerstra\u00dfe 7, 79106 Freiburg Postfach 5261, 79019 Freiburg KDV-Telefon: 0761 &#8211; 7678089 freiburg@dfg-vk.de International Physicians to Prevent Nuclear War &#8211; IPPNW Regionalgruppe Freiburg http:\/\/www.ippnw-freiburg.de info@ippnw-freiburg.de Netzwerk Friedenssteuer \u00a0\u00a0\u00a0\u00a0\u00a0\u00a0 www.netzwerk-friedenssteuer.de \u00a0\u00a0\u00a0\u00a0\u00a0\u00a0 info@friedenssteuer.de Pax [&hellip;]<\/p>\n","protected":false},"author":3,"featured_media":0,"parent":1028,"menu_order":2,"comment_status":"closed","ping_status":"closed","template":"","meta":{"footnotes":""},"class_list":["post-994","page","type-page","status-publish","hentry","entry"],"_links":{"self":[{"href":"https:\/\/www.fffr.de\/index.php?rest_route=\/wp\/v2\/pages\/994","targetHints":{"allow":["GET"]}}],"collection":[{"href":"https:\/\/www.fffr.de\/index.php?rest_route=\/wp\/v2\/pages"}],"about":[{"href":"https:\/\/www.fffr.de\/index.php?rest_route=\/wp\/v2\/types\/page"}],"author":[{"embeddable":true,"href":"https:\/\/www.fffr.de\/index.php?rest_route=\/wp\/v2\/users\/3"}],"replies":[{"embeddable":true,"href":"https:\/\/www.fffr.de\/index.php?rest_route=%2Fwp%2Fv2%2Fcomments&post=994"}],"version-history":[{"count":32,"href":"https:\/\/www.fffr.de\/index.php?rest_route=\/wp\/v2\/pages\/994\/revisions"}],"predecessor-version":[{"id":2598,"href":"https:\/\/www.fffr.de\/index.php?rest_route=\/wp\/v2\/pages\/994\/revisions\/2598"}],"up":[{"embeddable":true,"href":"https:\/\/www.fffr.de\/index.php?rest_route=\/wp\/v2\/pages\/1028"}],"wp:attachment":[{"href":"https:\/\/www.fffr.de\/index.php?rest_route=%2Fwp%2Fv2%2Fmedia&parent=994"}],"curies":[{"name":"wp","href":"https:\/\/api.w.org\/{rel}","templated":true}]}}